{"id":769,"date":"2022-06-28T20:47:15","date_gmt":"2022-06-28T19:47:15","guid":{"rendered":"https:\/\/gaeilgelochariach.ie\/gaelscoil-riabhach\/"},"modified":"2025-09-23T12:49:38","modified_gmt":"2025-09-23T11:49:38","slug":"gaelscoil-riabhach","status":"publish","type":"page","link":"https:\/\/gaeilgelochariach.ie\/en\/gaelscoil-riabhach\/","title":{"rendered":"Gaelscoil Riabhach"},"content":{"rendered":"<div id=\"cs-content\" class=\"cs-content\"><\/div>\n","protected":false},"excerpt":{"rendered":"<p>Gaelscoil Riabhach Is bunscoil il-chreidmheach \u00ed Gaelscoil Riabhach i mBaile Locha Riach, Co. na Gaillimhe, a mh\u00faineann tri mhe\u00e1n na Gaeilge. Bhunaigh gr\u00fapa tuismitheoir\u00ed an scoil i 2000 chun oideachas a chur ar fail tri mhe\u00e1n na Gaeilge. Eolas Teagmh\u00e1la: Seoladh: Gaelscoil Riabhach, Cois M\u00f3na, Baile Locha Riach, Co. na Gaillimhe Uimhir ghuth\u00e1in: (091) 847-865 Seoladh r\u00edomhphoist: oifig@gaelscoilriabhach.ie Tuilleadh Eolais<\/p>\n","protected":false},"author":1,"featured_media":0,"parent":0,"menu_order":0,"comment_status":"closed","ping_status":"closed","template":"template-blank-1.php","meta":{"_acf_changed":false,"footnotes":""},"class_list":["post-769","page","type-page","status-publish","hentry","no-post-thumbnail"],"acf":[],"_links":{"self":[{"href":"https:\/\/gaeilgelochariach.ie\/en\/wp-json\/wp\/v2\/pages\/769","targetHints":{"allow":["GET"]}}],"collection":[{"href":"https:\/\/gaeilgelochariach.ie\/en\/wp-json\/wp\/v2\/pages"}],"about":[{"href":"https:\/\/gaeilgelochariach.ie\/en\/wp-json\/wp\/v2\/types\/page"}],"author":[{"embeddable":true,"href":"https:\/\/gaeilgelochariach.ie\/en\/wp-json\/wp\/v2\/users\/1"}],"replies":[{"embeddable":true,"href":"https:\/\/gaeilgelochariach.ie\/en\/wp-json\/wp\/v2\/comments?post=769"}],"version-history":[{"count":3,"href":"https:\/\/gaeilgelochariach.ie\/en\/wp-json\/wp\/v2\/pages\/769\/revisions"}],"predecessor-version":[{"id":789,"href":"https:\/\/gaeilgelochariach.ie\/en\/wp-json\/wp\/v2\/pages\/769\/revisions\/789"}],"wp:attachment":[{"href":"https:\/\/gaeilgelochariach.ie\/en\/wp-json\/wp\/v2\/media?parent=769"}],"curies":[{"name":"wp","href":"https:\/\/api.w.org\/{rel}","templated":true}]}}