{"id":3849,"date":"2026-02-03T17:55:54","date_gmt":"2026-02-03T16:55:54","guid":{"rendered":"https:\/\/gaeilgelochariach.ie\/about-us\/"},"modified":"2026-03-05T15:41:55","modified_gmt":"2026-03-05T14:41:55","slug":"about-us","status":"publish","type":"page","link":"https:\/\/gaeilgelochariach.ie\/en\/about-us\/","title":{"rendered":"About Us"},"content":{"rendered":"<div id=\"cs-content\" class=\"cs-content\"><\/div>\n","protected":false},"excerpt":{"rendered":"<p>About Us Naoise N\u00ed Dhufaigh Language Development OfficerVerena N\u00ed Choim\u00edn Language Planning OfficerConor \u00d3 Fathaigh Committee TreasurerP\u00f3l Mag Lion\u00e1in Committee ChairpersonRuth N\u00ed Shiadhail Vice-ChairpersonJason Niland Committee Member&nbsp; SecretaryAli Mac Aindreasa Committee Member&nbsp; If you have any feedback or topics for discussion, please feel free to contact us by email at it@gaeilgelochariach.ie.<\/p>\n","protected":false},"author":1,"featured_media":0,"parent":0,"menu_order":0,"comment_status":"closed","ping_status":"closed","template":"template-blank-4.php","meta":{"_acf_changed":false,"footnotes":""},"class_list":["post-3849","page","type-page","status-publish","hentry","no-post-thumbnail"],"acf":[],"_links":{"self":[{"href":"https:\/\/gaeilgelochariach.ie\/en\/wp-json\/wp\/v2\/pages\/3849","targetHints":{"allow":["GET"]}}],"collection":[{"href":"https:\/\/gaeilgelochariach.ie\/en\/wp-json\/wp\/v2\/pages"}],"about":[{"href":"https:\/\/gaeilgelochariach.ie\/en\/wp-json\/wp\/v2\/types\/page"}],"author":[{"embeddable":true,"href":"https:\/\/gaeilgelochariach.ie\/en\/wp-json\/wp\/v2\/users\/1"}],"replies":[{"embeddable":true,"href":"https:\/\/gaeilgelochariach.ie\/en\/wp-json\/wp\/v2\/comments?post=3849"}],"version-history":[{"count":4,"href":"https:\/\/gaeilgelochariach.ie\/en\/wp-json\/wp\/v2\/pages\/3849\/revisions"}],"predecessor-version":[{"id":3998,"href":"https:\/\/gaeilgelochariach.ie\/en\/wp-json\/wp\/v2\/pages\/3849\/revisions\/3998"}],"wp:attachment":[{"href":"https:\/\/gaeilgelochariach.ie\/en\/wp-json\/wp\/v2\/media?parent=3849"}],"curies":[{"name":"wp","href":"https:\/\/api.w.org\/{rel}","templated":true}]}}