{"id":301,"date":"2022-04-15T10:12:08","date_gmt":"2022-04-15T09:12:08","guid":{"rendered":"https:\/\/www.woodsideserver.com\/clients\/development\/gaeilgelochariach\/supports-your-business\/"},"modified":"2026-02-09T23:52:28","modified_gmt":"2026-02-09T22:52:28","slug":"supports-your-business","status":"publish","type":"page","link":"https:\/\/gaeilgelochariach.ie\/en\/supports-your-business\/","title":{"rendered":"Supports For Business"},"content":{"rendered":"<div id=\"cs-content\" class=\"cs-content\"><\/div>\n","protected":false},"excerpt":{"rendered":"<p>Supports for Business There are many schemes available that help businesses to promote the Irish language. Here are a couple of them:Sc\u00e9im Taca\u00edochta Gn\u00f3GRADAIM Gn\u00f3 na h\u00c9ireannGaeilge Locha Riach can also provide support. If you are looking to translate text for your business, or get Irish language signage, we may be able to help (depending on word count). Contact us &#8230; <\/p>\n<div><a href=\"https:\/\/gaeilgelochariach.ie\/en\/supports-your-business\/\" class=\"more-link\">Read More<\/a><\/div>\n","protected":false},"author":1,"featured_media":273,"parent":0,"menu_order":0,"comment_status":"closed","ping_status":"closed","template":"template-blank-4.php","meta":{"_acf_changed":false,"footnotes":""},"class_list":["post-301","page","type-page","status-publish","has-post-thumbnail","hentry"],"acf":[],"_links":{"self":[{"href":"https:\/\/gaeilgelochariach.ie\/en\/wp-json\/wp\/v2\/pages\/301","targetHints":{"allow":["GET"]}}],"collection":[{"href":"https:\/\/gaeilgelochariach.ie\/en\/wp-json\/wp\/v2\/pages"}],"about":[{"href":"https:\/\/gaeilgelochariach.ie\/en\/wp-json\/wp\/v2\/types\/page"}],"author":[{"embeddable":true,"href":"https:\/\/gaeilgelochariach.ie\/en\/wp-json\/wp\/v2\/users\/1"}],"replies":[{"embeddable":true,"href":"https:\/\/gaeilgelochariach.ie\/en\/wp-json\/wp\/v2\/comments?post=301"}],"version-history":[{"count":10,"href":"https:\/\/gaeilgelochariach.ie\/en\/wp-json\/wp\/v2\/pages\/301\/revisions"}],"predecessor-version":[{"id":3827,"href":"https:\/\/gaeilgelochariach.ie\/en\/wp-json\/wp\/v2\/pages\/301\/revisions\/3827"}],"wp:featuredmedia":[{"embeddable":true,"href":"https:\/\/gaeilgelochariach.ie\/en\/wp-json\/wp\/v2\/media\/273"}],"wp:attachment":[{"href":"https:\/\/gaeilgelochariach.ie\/en\/wp-json\/wp\/v2\/media?parent=301"}],"curies":[{"name":"wp","href":"https:\/\/api.w.org\/{rel}","templated":true}]}}